{"id":3029,"date":"2018-02-17T13:08:13","date_gmt":"2018-02-17T13:08:13","guid":{"rendered":"https:\/\/www.hotelrubino.net\/h-doria\/"},"modified":"2022-04-22T09:52:26","modified_gmt":"2022-04-22T09:52:26","slug":"h-rubino","status":"publish","type":"page","link":"https:\/\/www.hotelrubino.net\/de\/h-rubino\/","title":{"rendered":"Hotel"},"content":{"rendered":"<p>[vc_row full_width=&#8220;stretch_row&#8220; css=&#8220;.vc_custom_1531729276201{padding-bottom: 80px !important;}&#8220;][vc_column]\t\t\t<div\r\n\t\t\t\tclass=\"main_title  text-left  \">\r\n\t\t\t\t<h2 class=\"title\">HOTEL RUBINO<\/h2>\r\n\t\t\t\t\t\t\t<\/div>\r\n\t\t[vc_column_text]Wieder im Fr\u00fchling 2016 geh\u00f6ffnet. Das Haus <strong>2.0 HOTEL RUBINO *** <\/strong>ist <strong>komplett geh\u00e4ndert<\/strong>!<\/p>\n<p>29 Zimmer alle mit Balkon, davon nur 3 economy ohne Balkon, W-LAN frei im ganzes Haus, Parkplatzt frei, Bike Garage Restaurant nach Karte und ein Snack bar den ganzen Tag geh\u00f6ffnet.<\/p>\n<p>Das Haus liegt die Felse Belvedere gegenhuber, mit s\u00fcdliche Belichtung und 4a \u2013 7c<\/p>\n<p>Ca. 10 Minuten zu Fuss vom die Felsen san Giovanni 4-7a<\/p>\n<p>Auch F\u00fcr Montainbike touren finden sie im Haus Prospekte. F\u00fcr die Motorr\u00e4der, Trentiner Motorradtourenkarte zu Verfugung und Bikeparkplatzt mit CCTV.[\/vc_column_text][\/vc_column][\/vc_row][vc_row][vc_column]\t\t\t<div\r\n\t\t\t\tclass=\"main_title  text-left  \">\r\n\t\t\t\t<h2 class=\"title\">FOTO<\/h2>\r\n\t\t\t\t\t\t\t<\/div>\r\n\t\t[vc_row_inner][vc_column_inner]           \r\n            <div class=\"row\">\r\n\t            <div class=\"image-gallery\">\r\n\r\n                   \r\n                    <!-- GALLERY ITEM -->\r\n                    <div class=\"col-lg-3 col-sm-6\">\r\n                      <figure class=\"gradient-overlay-hover icon-zoom-hover zoom-image-hover\">\r\n                                                <a href=\"https:\/\/www.hotelrubino.net\/wp-content\/uploads\/2020\/02\/Hotel-Rubino-Nago-Torbole_Room_facciata-htl-rubino.jpg\">\r\n                          <img decoding=\"async\" src=\"https:\/\/www.hotelrubino.net\/wp-content\/uploads\/2020\/02\/Hotel-Rubino-Nago-Torbole_Room_facciata-htl-rubino.jpg\" class=\"img-responsive\">\r\n                        <\/a>\r\n                                            <\/figure>\r\n                    <\/div>\r\n\r\n                    \r\n                    <!-- GALLERY ITEM -->\r\n                    <div class=\"col-lg-3 col-sm-6\">\r\n                      <figure class=\"gradient-overlay-hover icon-zoom-hover zoom-image-hover\">\r\n                                                <a href=\"https:\/\/www.hotelrubino.net\/wp-content\/uploads\/2020\/02\/Web_rubino_6241.jpg\">\r\n                          <img decoding=\"async\" src=\"https:\/\/www.hotelrubino.net\/wp-content\/uploads\/2020\/02\/Web_rubino_6241.jpg\" class=\"img-responsive\">\r\n                        <\/a>\r\n                                            <\/figure>\r\n                    <\/div>\r\n\r\n                    \r\n                    <!-- GALLERY ITEM -->\r\n                    <div class=\"col-lg-3 col-sm-6\">\r\n                      <figure class=\"gradient-overlay-hover icon-zoom-hover zoom-image-hover\">\r\n                                                <a href=\"https:\/\/www.hotelrubino.net\/wp-content\/uploads\/2020\/02\/Hotel-Rubino-Nago-Torbole_Bar.jpg\">\r\n                          <img decoding=\"async\" src=\"https:\/\/www.hotelrubino.net\/wp-content\/uploads\/2020\/02\/Hotel-Rubino-Nago-Torbole_Bar.jpg\" class=\"img-responsive\">\r\n                        <\/a>\r\n                                            <\/figure>\r\n                    <\/div>\r\n\r\n                    \r\n                    <!-- GALLERY ITEM -->\r\n                    <div class=\"col-lg-3 col-sm-6\">\r\n                      <figure class=\"gradient-overlay-hover icon-zoom-hover zoom-image-hover\">\r\n                                                <a href=\"https:\/\/www.hotelrubino.net\/wp-content\/uploads\/2020\/02\/Hotel-Rubino-Nago-Torbole_Terrazza.jpg\">\r\n                          <img decoding=\"async\" src=\"https:\/\/www.hotelrubino.net\/wp-content\/uploads\/2020\/02\/Hotel-Rubino-Nago-Torbole_Terrazza.jpg\" class=\"img-responsive\">\r\n                        <\/a>\r\n                                            <\/figure>\r\n                    <\/div>\r\n\r\n                    \r\n\t                \t            <\/div>\r\n            <\/div>\r\n\r\n        [vc_column_text][\/vc_column_text][\/vc_column_inner][\/vc_row_inner][\/vc_column][\/vc_row]<\/p>\n","protected":false},"excerpt":{"rendered":"<p>[vc_row full_width=&#8220;stretch_row&#8220; css=&#8220;.vc_custom_1531729276201{padding-bottom: 80px !important;}&#8220;][vc_column][vc_column_text]Wieder im Fr\u00fchling 2016 geh\u00f6ffnet. Das Haus 2.0 HOTEL RUBINO *** ist komplett geh\u00e4ndert! 29 Zimmer alle mit Balkon, davon nur 3 economy ohne Balkon, W-LAN frei im ganzes Haus, Parkplatzt frei, Bike Garage Restaurant nach Karte und ein Snack bar den ganzen Tag geh\u00f6ffnet. Das Haus liegt die Felse Belvedere [&hellip;]<\/p>\n","protected":false},"author":1,"featured_media":2983,"parent":0,"menu_order":0,"comment_status":"closed","ping_status":"closed","template":"","meta":{"footnotes":""},"class_list":["post-3029","page","type-page","status-publish","has-post-thumbnail","hentry"],"yoast_head":"<!-- This site is optimized with the Yoast SEO plugin v26.8 - https:\/\/yoast.com\/product\/yoast-seo-wordpress\/ -->\n<title>Hotel - Hotel Rubino<\/title>\n<meta name=\"robots\" content=\"index, follow, max-snippet:-1, max-image-preview:large, max-video-preview:-1\" \/>\n<link rel=\"canonical\" href=\"https:\/\/www.hotelrubino.net\/de\/h-rubino\/\" \/>\n<meta property=\"og:locale\" content=\"de_DE\" \/>\n<meta property=\"og:type\" content=\"article\" \/>\n<meta property=\"og:title\" content=\"Hotel - Hotel Rubino\" \/>\n<meta property=\"og:description\" content=\"[vc_row full_width=&#8220;stretch_row&#8220; css=&#8220;.vc_custom_1531729276201{padding-bottom: 80px !important;}&#8220;][vc_column][vc_column_text]Wieder im Fr\u00fchling 2016 geh\u00f6ffnet. Das Haus 2.0 HOTEL RUBINO *** ist komplett geh\u00e4ndert! 29 Zimmer alle mit Balkon, davon nur 3 economy ohne Balkon, W-LAN frei im ganzes Haus, Parkplatzt frei, Bike Garage Restaurant nach Karte und ein Snack bar den ganzen Tag geh\u00f6ffnet. Das Haus liegt die Felse Belvedere [&hellip;]\" \/>\n<meta property=\"og:url\" content=\"https:\/\/www.hotelrubino.net\/de\/h-rubino\/\" \/>\n<meta property=\"og:site_name\" content=\"Hotel Rubino\" \/>\n<meta property=\"article:modified_time\" content=\"2022-04-22T09:52:26+00:00\" \/>\n<meta property=\"og:image\" content=\"https:\/\/www.hotelrubino.net\/wp-content\/uploads\/2020\/02\/rubino1.jpg\" \/>\n\t<meta property=\"og:image:width\" content=\"900\" \/>\n\t<meta property=\"og:image:height\" content=\"675\" \/>\n\t<meta property=\"og:image:type\" content=\"image\/jpeg\" \/>\n<meta name=\"twitter:card\" content=\"summary_large_image\" \/>\n<meta name=\"twitter:label1\" content=\"Gesch\u00e4tzte Lesezeit\" \/>\n\t<meta name=\"twitter:data1\" content=\"1\u00a0Minute\" \/>\n<script type=\"application\/ld+json\" class=\"yoast-schema-graph\">{\"@context\":\"https:\/\/schema.org\",\"@graph\":[{\"@type\":\"WebPage\",\"@id\":\"https:\/\/www.hotelrubino.net\/de\/h-rubino\/\",\"url\":\"https:\/\/www.hotelrubino.net\/de\/h-rubino\/\",\"name\":\"Hotel - Hotel Rubino\",\"isPartOf\":{\"@id\":\"https:\/\/www.hotelrubino.net\/#website\"},\"primaryImageOfPage\":{\"@id\":\"https:\/\/www.hotelrubino.net\/de\/h-rubino\/#primaryimage\"},\"image\":{\"@id\":\"https:\/\/www.hotelrubino.net\/de\/h-rubino\/#primaryimage\"},\"thumbnailUrl\":\"https:\/\/www.hotelrubino.net\/wp-content\/uploads\/2020\/02\/rubino1.jpg\",\"datePublished\":\"2018-02-17T13:08:13+00:00\",\"dateModified\":\"2022-04-22T09:52:26+00:00\",\"breadcrumb\":{\"@id\":\"https:\/\/www.hotelrubino.net\/de\/h-rubino\/#breadcrumb\"},\"inLanguage\":\"de\",\"potentialAction\":[{\"@type\":\"ReadAction\",\"target\":[\"https:\/\/www.hotelrubino.net\/de\/h-rubino\/\"]}]},{\"@type\":\"ImageObject\",\"inLanguage\":\"de\",\"@id\":\"https:\/\/www.hotelrubino.net\/de\/h-rubino\/#primaryimage\",\"url\":\"https:\/\/www.hotelrubino.net\/wp-content\/uploads\/2020\/02\/rubino1.jpg\",\"contentUrl\":\"https:\/\/www.hotelrubino.net\/wp-content\/uploads\/2020\/02\/rubino1.jpg\",\"width\":900,\"height\":675},{\"@type\":\"BreadcrumbList\",\"@id\":\"https:\/\/www.hotelrubino.net\/de\/h-rubino\/#breadcrumb\",\"itemListElement\":[{\"@type\":\"ListItem\",\"position\":1,\"name\":\"Home\",\"item\":\"https:\/\/www.hotelrubino.net\/de\/\"},{\"@type\":\"ListItem\",\"position\":2,\"name\":\"Hotel\"}]},{\"@type\":\"WebSite\",\"@id\":\"https:\/\/www.hotelrubino.net\/#website\",\"url\":\"https:\/\/www.hotelrubino.net\/\",\"name\":\"Hotel Rubino\",\"description\":\"Per una indimenticabile vacanza sul Lago di Garda\",\"potentialAction\":[{\"@type\":\"SearchAction\",\"target\":{\"@type\":\"EntryPoint\",\"urlTemplate\":\"https:\/\/www.hotelrubino.net\/?s={search_term_string}\"},\"query-input\":{\"@type\":\"PropertyValueSpecification\",\"valueRequired\":true,\"valueName\":\"search_term_string\"}}],\"inLanguage\":\"de\"}]}<\/script>\n<!-- \/ Yoast SEO plugin. -->","yoast_head_json":{"title":"Hotel - Hotel Rubino","robots":{"index":"index","follow":"follow","max-snippet":"max-snippet:-1","max-image-preview":"max-image-preview:large","max-video-preview":"max-video-preview:-1"},"canonical":"https:\/\/www.hotelrubino.net\/de\/h-rubino\/","og_locale":"de_DE","og_type":"article","og_title":"Hotel - Hotel Rubino","og_description":"[vc_row full_width=&#8220;stretch_row&#8220; css=&#8220;.vc_custom_1531729276201{padding-bottom: 80px !important;}&#8220;][vc_column][vc_column_text]Wieder im Fr\u00fchling 2016 geh\u00f6ffnet. Das Haus 2.0 HOTEL RUBINO *** ist komplett geh\u00e4ndert! 29 Zimmer alle mit Balkon, davon nur 3 economy ohne Balkon, W-LAN frei im ganzes Haus, Parkplatzt frei, Bike Garage Restaurant nach Karte und ein Snack bar den ganzen Tag geh\u00f6ffnet. Das Haus liegt die Felse Belvedere [&hellip;]","og_url":"https:\/\/www.hotelrubino.net\/de\/h-rubino\/","og_site_name":"Hotel Rubino","article_modified_time":"2022-04-22T09:52:26+00:00","og_image":[{"width":900,"height":675,"url":"https:\/\/www.hotelrubino.net\/wp-content\/uploads\/2020\/02\/rubino1.jpg","type":"image\/jpeg"}],"twitter_card":"summary_large_image","twitter_misc":{"Gesch\u00e4tzte Lesezeit":"1\u00a0Minute"},"schema":{"@context":"https:\/\/schema.org","@graph":[{"@type":"WebPage","@id":"https:\/\/www.hotelrubino.net\/de\/h-rubino\/","url":"https:\/\/www.hotelrubino.net\/de\/h-rubino\/","name":"Hotel - Hotel Rubino","isPartOf":{"@id":"https:\/\/www.hotelrubino.net\/#website"},"primaryImageOfPage":{"@id":"https:\/\/www.hotelrubino.net\/de\/h-rubino\/#primaryimage"},"image":{"@id":"https:\/\/www.hotelrubino.net\/de\/h-rubino\/#primaryimage"},"thumbnailUrl":"https:\/\/www.hotelrubino.net\/wp-content\/uploads\/2020\/02\/rubino1.jpg","datePublished":"2018-02-17T13:08:13+00:00","dateModified":"2022-04-22T09:52:26+00:00","breadcrumb":{"@id":"https:\/\/www.hotelrubino.net\/de\/h-rubino\/#breadcrumb"},"inLanguage":"de","potentialAction":[{"@type":"ReadAction","target":["https:\/\/www.hotelrubino.net\/de\/h-rubino\/"]}]},{"@type":"ImageObject","inLanguage":"de","@id":"https:\/\/www.hotelrubino.net\/de\/h-rubino\/#primaryimage","url":"https:\/\/www.hotelrubino.net\/wp-content\/uploads\/2020\/02\/rubino1.jpg","contentUrl":"https:\/\/www.hotelrubino.net\/wp-content\/uploads\/2020\/02\/rubino1.jpg","width":900,"height":675},{"@type":"BreadcrumbList","@id":"https:\/\/www.hotelrubino.net\/de\/h-rubino\/#breadcrumb","itemListElement":[{"@type":"ListItem","position":1,"name":"Home","item":"https:\/\/www.hotelrubino.net\/de\/"},{"@type":"ListItem","position":2,"name":"Hotel"}]},{"@type":"WebSite","@id":"https:\/\/www.hotelrubino.net\/#website","url":"https:\/\/www.hotelrubino.net\/","name":"Hotel Rubino","description":"Per una indimenticabile vacanza sul Lago di Garda","potentialAction":[{"@type":"SearchAction","target":{"@type":"EntryPoint","urlTemplate":"https:\/\/www.hotelrubino.net\/?s={search_term_string}"},"query-input":{"@type":"PropertyValueSpecification","valueRequired":true,"valueName":"search_term_string"}}],"inLanguage":"de"}]}},"_links":{"self":[{"href":"https:\/\/www.hotelrubino.net\/de\/wp-json\/wp\/v2\/pages\/3029","targetHints":{"allow":["GET"]}}],"collection":[{"href":"https:\/\/www.hotelrubino.net\/de\/wp-json\/wp\/v2\/pages"}],"about":[{"href":"https:\/\/www.hotelrubino.net\/de\/wp-json\/wp\/v2\/types\/page"}],"author":[{"embeddable":true,"href":"https:\/\/www.hotelrubino.net\/de\/wp-json\/wp\/v2\/users\/1"}],"replies":[{"embeddable":true,"href":"https:\/\/www.hotelrubino.net\/de\/wp-json\/wp\/v2\/comments?post=3029"}],"version-history":[{"count":2,"href":"https:\/\/www.hotelrubino.net\/de\/wp-json\/wp\/v2\/pages\/3029\/revisions"}],"predecessor-version":[{"id":3046,"href":"https:\/\/www.hotelrubino.net\/de\/wp-json\/wp\/v2\/pages\/3029\/revisions\/3046"}],"wp:featuredmedia":[{"embeddable":true,"href":"https:\/\/www.hotelrubino.net\/de\/wp-json\/wp\/v2\/media\/2983"}],"wp:attachment":[{"href":"https:\/\/www.hotelrubino.net\/de\/wp-json\/wp\/v2\/media?parent=3029"}],"curies":[{"name":"wp","href":"https:\/\/api.w.org\/{rel}","templated":true}]}}